{"id":399,"date":"2026-01-22T12:20:27","date_gmt":"2026-01-22T12:20:27","guid":{"rendered":"https:\/\/parking-motors.store\/my-account-2\/"},"modified":"2026-02-19T15:20:53","modified_gmt":"2026-02-19T15:20:53","slug":"my-account","status":"publish","type":"page","link":"https:\/\/parking-motors.store\/?page_id=399","title":{"rendered":"Mon compte"},"content":{"rendered":"<div class=\"rtcl\">\n<div id=\"rtcl-user-login-wrapper\"\n\t class=\"have-registration-form\">\n\n\t\n\t<div class=\"rtcl-login-form-wrap\">\n\t\t<h2>Se connecter<\/h2>\n\t\t<div class=\"rtcl-tab rtcl-tab-login\">\n\t\t\t\t\t\t<div class=\"rtcl-tab-content\">\n\t\t\t\t<div id=\"rtcl-email-login\" class=\"rtcl-tab-pane active\">\n\t<form id=\"rtcl-login-form\" class=\"form-horizontal\" method=\"post\">\n\t\t\t\t<div class=\"rtcl-form-group\">\n\t\t\t<label for=\"rtcl-user-login\" class=\"rtcl-field-label\">\n\t\t\t\tNom d&#039;utilisateur ou adresse e-mail\t\t\t\t<strong class=\"rtcl-required\">*<\/strong>\n\t\t\t<\/label>\n\t\t\t<input type=\"text\" name=\"username\" autocomplete=\"username\"\n\t\t\t\t   value=\"\"\n\t\t\t\t   id=\"rtcl-user-login\" class=\"rtcl-form-control\" required\/>\n\t\t<\/div>\n\n\t\t<div class=\"rtcl-form-group\">\n\t\t\t<label for=\"rtcl-user-pass\" class=\"rtcl-field-label\">\n\t\t\t\tMot de passe\t\t\t\t<strong class=\"rtcl-required\">*<\/strong>\n\t\t\t<\/label>\n\t\t\t<div class=\"rtcl-user-pass-wrap\">\n\t\t\t\t<input type=\"password\" name=\"password\" id=\"rtcl-user-pass\" autocomplete=\"current-password\"\n\t\t\t\t\t   class=\"rtcl-form-control\" required\/>\n\t\t\t\t<span class=\"rtcl-toggle-pass rtcl-icon-eye-off\"><\/span>\n\t\t\t<\/div>\n\t\t<\/div>\n\n\t\t\n\t\t<div class=\"rtcl-form-group\">\n\t\t\t<div id=\"rtcl-login-g-recaptcha\"><\/div>\n\t\t\t<div id=\"rtcl-login-g-recaptcha-message\"><\/div>\n\t\t<\/div>\n\n\t\t<div class=\"rtcl-form-group rtcl-login-form-submit-wrap\">\n\n\t\t\t<button type=\"submit\" name=\"rtcl-login\" class=\"rtcl-btn\" value=\"login\">\n\t\t\t\tSe connecter\t\t\t<\/button>\n\t\t\t<div class=\"rtcl-checkbox-list\">\n\t\t\t\t<label class=\"rtcl-check\" for=\"rtcl-rememberme\">\n\t\t\t\t\t<input type=\"checkbox\" id=\"rtcl-rememberme\" name=\"rememberme\" value=\"forever\">\n\t\t\t\t\t<span class=\"rtcl-check-box\"><\/span>\n\t\t\t\t\t<span class=\"rtcl-check-label\">Souviens-toi de moi<\/span>\n\t\t\t\t<\/label>\n\t\t\t<\/div>\n\t\t<\/div>\n\t\t\t\t\t<script>\n\t\t\t\tdocument.addEventListener(\"DOMContentLoaded\", function () {\n                    jQuery(\".mo_btn-mo\").prop(\"disabled\",false);\n                    });\n\t\t\t<\/script>\n\t\t\t\t\t<script type=\"text\/javascript\">\n\t\t\tdocument.addEventListener(\"DOMContentLoaded\", function () {\n                jQuery(document).ready(function () {\n                jQuery(\".login-button\").css(\"cursor\", \"pointer\");\n            });\n                            });\n\t\t\tfunction mo_openid_on_consent_change(checkbox){\n\t\t\t\tif (! checkbox.checked) {\n\t\t\t\t\tjQuery('#mo_openid_consent_checkbox').val(1);\n\t\t\t\t\tjQuery(\".mo_btn-mo\").attr(\"disabled\", true);\n\t\t\t\t\tjQuery(\".login-button\").addClass(\"dis\");\n\t\t\t\t} else {\n\t\t\t\t\tjQuery('#mo_openid_consent_checkbox').val(0);\n\t\t\t\t\tjQuery(\".mo_btn-mo\").attr(\"disabled\", false);\n\t\t\t\t\tjQuery(\".login-button\").removeClass(\"dis\");\n\t\t\t\t}\n\t\t\t}\n\n\t\t\tvar perfEntries = performance.getEntriesByType(\"navigation\");\n\n\t\t\tif (perfEntries[0].type === \"back_forward\") {\n\t\t\t\tlocation.reload(true);\n\t\t\t}\n\t\t\tfunction HandlePopupResult(result) {\n\t\t\t\twindow.location = \"https:\/\/parking-motors.store\";\n\t\t\t}\n\t\t\tfunction moOpenIdLogin(app_name,is_custom_app) {\n\t\t\t\tvar current_url = window.location.href;\n\t\t\t\tvar cookie_name = \"redirect_current_url\";\n\t\t\t\tvar d = new Date();\n\t\t\t\td.setTime(d.getTime() + (2 * 24 * 60 * 60 * 1000));\n\t\t\t\tvar expires = \"expires=\"+d.toUTCString();\n\t\t\t\tdocument.cookie = cookie_name + \"=\" + current_url + \";\" + expires + \";path=\/\";\n\n\t\t\t\t\t\t\t\tvar base_url = 'https:\/\/parking-motors.store';\n\t\t\t\tvar request_uri = '\/index.php?rest_route=wpv2pages399';\n\t\t\t\tvar http = 'https:\/\/';\n\t\t\t\tvar http_host = 'parking-motors.store';\n\t\t\t\tvar default_nonce = 'b9c8d9f4d1';\n\t\t\t\tvar custom_nonce = '60808dcd7a';\n\t\t\t\tif(is_custom_app == 'false'){\n\t\t\t\t\tif ( request_uri.indexOf('wp-login.php') !=-1){\n\t\t\t\t\t\tvar redirect_url = base_url + '\/?option=getmosociallogin&wp_nonce=' + default_nonce + '&app_name=';\n\n\t\t\t\t\t}else {\n\t\t\t\t\t\tvar redirect_url = http + http_host + request_uri;\n\t\t\t\t\t\tif(redirect_url.indexOf('?') != -1){\n\t\t\t\t\t\t\tredirect_url = redirect_url +'&option=getmosociallogin&wp_nonce=' + default_nonce + '&app_name=';\n\t\t\t\t\t\t}\n\t\t\t\t\t\telse\n\t\t\t\t\t\t{\n\t\t\t\t\t\t\tredirect_url = redirect_url +'?option=getmosociallogin&wp_nonce=' + default_nonce + '&app_name=';\n\t\t\t\t\t\t}\n\t\t\t\t\t}\n\n\t\t\t\t}\n\t\t\t\telse {\n\t\t\t\t\tif ( request_uri.indexOf('wp-login.php') !=-1){\n\t\t\t\t\t\tvar redirect_url = base_url + '\/?option=oauthredirect&wp_nonce=' + custom_nonce + '&app_name=';\n\n\n\t\t\t\t\t}else {\n\t\t\t\t\t\tvar redirect_url = http + http_host + request_uri;\n\t\t\t\t\t\tif(redirect_url.indexOf('?') != -1)\n\t\t\t\t\t\t\tredirect_url = redirect_url +'&option=oauthredirect&wp_nonce=' + custom_nonce + '&app_name=';\n\t\t\t\t\t\telse\n\t\t\t\t\t\t\tredirect_url = redirect_url +'?option=oauthredirect&wp_nonce=' + custom_nonce + '&app_name=';\n\t\t\t\t\t}\n\n\t\t\t\t}\n\t\t\t\tif( 0) {\n\t\t\t\t\tvar myWindow = window.open(redirect_url + app_name, \"\", \"width=700,height=620\");\n\t\t\t\t}\n\t\t\t\telse{\n\t\t\t\t\twindow.location.href = redirect_url + app_name;\n\t\t\t\t}\n\t\t\t}\n\t\t<\/script>\n\t\t<div class=\"rtcl-social-login-wrap\"><div class='mo-openid-app-icons'>\n\t\t\t\t\t <p style='color:#000000; width: fit-content;'> Se connecter avec<\/p><a     onClick=\"moOpenIdLogin('google','true');\" style='margin-left: 4px !important;width:150px !important;padding-top:6px !important;padding-bottom:6px !important;margin-bottom:-1px !important; background:#33E9F2!important;border-radius: 5px !important;' class='mo_btn mo_btn-mo mo_btn-block mo_btn-social mo_btn-customtheme mo_btn-custom-dec login-button mo_btn_transform'> <i style='padding-top:0px !important' class='fab fa-google'><\/i> Se connecter avec Google<\/a><\/div> <br><\/div><input type=\"hidden\" id=\"rtcl-login-nonce\" name=\"rtcl-login-nonce\" value=\"f07533d6ae\" \/><input type=\"hidden\" name=\"_wp_http_referer\" value=\"\/index.php?rest_route=%2Fwp%2Fv2%2Fpages%2F399\" \/><input type=\"hidden\" name=\"redirect_to\" value=\"https:\/\/parking-motors.store\/index.php?rest_route=%2Fwp%2Fv2%2Fpages%2F399\" \/>\t<\/form>\n\t\t\t<div class=\"rtcl-form-group-no-margin-bottom\">\n\t\t\t<p class=\"rtcl-forgot-password\">\n\t\t\t\t\t\t\t\t\t<a class=\"register-link\" href=\"https:\/\/parking-motors.store\/?page_id=399\">Registre<\/a><span>|<\/span>\n\t\t\t\t\t\t\t\t<a href=\"https:\/\/parking-motors.store\/?page_id=399&#038;lost-password\">Mot de passe oubli\u00e9 ?<\/a>\n\n\t\t\t<\/p>\n\t\t<\/div>\n\t\t<\/div>\t\t\t<\/div>\n\t\t<\/div>\n\t<\/div>\n\t\t\t<div class=\"rtcl-registration-form-wrap\">\n\n\t\t\t<h2>Registre<\/h2>\n\n\t\t\t<form id=\"rtcl-register-form\" class=\"form-horizontal\" method=\"post\">\n\n\t\t\t\t\t\t<div class=\"rtcl-form-group name-row\">\n\t\t\t<div class=\"first-name-column\">\n\t\t\t\t<label for=\"rtcl-reg-first-name\" class=\"rtcl-field-label\">\n\t\t\t\t\tPr\u00e9nom\t\t\t\t\t<strong class=\"rtcl-required\">*<\/strong>\n\t\t\t\t<\/label>\n\t\t\t\t<input type=\"text\" name=\"first_name\" id=\"rtcl-reg-first-name\"\n\t\t\t\t\t   value=\"\"\n\t\t\t\t\t   class=\"rtcl-form-control\" required\/>\n\t\t\t<\/div>\n\t\t\t<div class=\"second-name-column\">\n\t\t\t\t<label for=\"rtcl-reg-last-name\" class=\"rtcl-field-label\">\n\t\t\t\t\tNom de famille\t\t\t\t\t<strong class=\"rtcl-required\">*<\/strong>\n\t\t\t\t<\/label>\n\t\t\t\t<input type=\"text\" name=\"last_name\"\n\t\t\t\t\t   value=\"\"\n\t\t\t\t\t   id=\"rtcl-reg-last-name\" class=\"rtcl-form-control\" required\/>\n\t\t\t<\/div>\n\t\t<\/div>\n\t\t\t\t<div class=\"rtcl-form-group phone-row\">\n\t\t\t\t\t\t<label for=\"rtcl-reg-phone\" class=\"rtcl-field-label phone-label\">\n\t\t\t\tNum\u00e9ro de t\u00e9l\u00e9phone\t\t\t\t\t\t\t\t\t<strong class=\"rtcl-required\">*<\/strong>\n\t\t\t\t\t\t\t<\/label>\n\t\t\t<div class=\"rtcl-phone-field-button\">\n\t\t\t\t<input type=\"text\" name=\"phone\"\n\t\t\t\t\t   value=\"\"\n\t\t\t\t\t   id=\"rtcl-reg-phone\" class=\"rtcl-form-control\" required\/>\n\t\t\t\t\t\t\t<\/div>\n\t\t\t\t\t<\/div>\n\t\t\t\t<div class=\"rtcl-form-group user-type-row\">\n\t\t\t<p class=\"rtcl-field-label\">\n\t\t\t\tType de compte\t\t\t\t<strong class=\"rtcl-required\">*<\/strong>\n\t\t\t<\/p>\n\t\t\t<div class=\"rtcl-form-radio-group rtcl-radio-group-inline\">\n\t\t\t\t<label for=\"user_type_seller\">\n\t\t\t\t\t<input type=\"radio\" id=\"user_type_seller\" name=\"rtcl_user_type\" value=\"seller\"\n\t\t\t\t\t\t required>\n\t\t\t\t\tVendeur\t\t\t\t<\/label>\n\t\t\t\t<label for=\"user_type_buyer\">\n\t\t\t\t\t<input type=\"radio\" id=\"user_type_buyer\" name=\"rtcl_user_type\" value=\"buyer\"\n\t\t\t\t\t\t required>\n\t\t\t\t\tAcheteur\t\t\t\t<\/label>\n\t\t\t<\/div>\n\t\t<\/div>\n\t\t\n\t\t\t\t<div class=\"rtcl-form-group\">\n\t\t\t\t\t<label for=\"rtcl-reg-username\" class=\"rtcl-field-label\">\n\t\t\t\t\t\tNom d&#039;utilisateur\t\t\t\t\t\t<strong class=\"rtcl-required\">*<\/strong>\n\t\t\t\t\t<\/label>\n\t\t\t\t\t<input type=\"text\" name=\"username\"\n\t\t\t\t\t\t   value=\"\"\n\t\t\t\t\t\t   autocomplete=\"username\" id=\"rtcl-reg-username\" class=\"rtcl-form-control\" required\/>\n\t\t\t\t\t<span\n\t\t\t\t\t\tclass=\"help-block\">Le nom d&#039;utilisateur ne peut pas \u00eatre modifi\u00e9.<\/span>\n\t\t\t\t<\/div>\n\n\t\t\t\t<div class=\"rtcl-form-group\">\n\t\t\t\t\t<label for=\"rtcl-reg-email\" class=\"rtcl-field-label\">\n\t\t\t\t\t\tAdresse email\t\t\t\t\t\t<strong class=\"rtcl-required\">*<\/strong>\n\t\t\t\t\t<\/label>\n\t\t\t\t\t<input type=\"email\" name=\"email\"\n\t\t\t\t\t\t   value=\"\"\n\t\t\t\t\t\t   autocomplete=\"email\" id=\"rtcl-reg-email\" class=\"rtcl-form-control\" required\/>\n\t\t\t\t<\/div>\n\n\t\t\t\t<div class=\"rtcl-form-group\">\n\t\t\t\t\t<label for=\"rtcl-reg-password\" class=\"rtcl-field-label\">\n\t\t\t\t\t\tMot de passe\t\t\t\t\t\t<strong class=\"rtcl-required\">*<\/strong>\n\t\t\t\t\t<\/label>\n\t\t\t\t\t<div class=\"rtcl-user-pass-wrap\">\n\t\t\t\t\t\t<input type=\"password\" name=\"password\" id=\"rtcl-reg-password\" autocomplete=\"new-password\"\n\t\t\t\t\t\t\t   class=\"rtcl-form-control rtcl-password\" required\/>\n\t\t\t\t\t\t<span class=\"rtcl-toggle-pass rtcl-icon-eye-off\"><\/span>\n\t\t\t\t\t<\/div>\n\t\t\t\t<\/div>\n\n\t\t\t\t<div class=\"rtcl-form-group\">\n\t\t\t\t\t<label for=\"rtcl-reg-confirm-password\" class=\"rtcl-field-label\">\n\t\t\t\t\t\tConfirmez le mot de passe\t\t\t\t\t\t<strong class=\"rtcl-required\">*<\/strong>\n\t\t\t\t\t<\/label>\n\t\t\t\t\t<div class=\"confirm-password-wrap\">\n\t\t\t\t\t\t<div class=\"rtcl-user-pass-wrap\">\n\t\t\t\t\t\t\t<input type=\"password\" name=\"pass2\" id=\"rtcl-reg-confirm-password\" class=\"rtcl-form-control\"\n\t\t\t\t\t\t\t\t   autocomplete=\"off\"\n\t\t\t\t\t\t\t\t   data-rule-equalTo=\"#rtcl-reg-password\"\n\t\t\t\t\t\t\t\t   data-msg-equalTo=\"Le mot de passe ne correspond pas.\"\n\t\t\t\t\t\t\t\t   required\/>\n\t\t\t\t\t\t\t<span class=\"rtcl-toggle-pass rtcl-icon-eye-off\"><\/span>\n\t\t\t\t\t\t<\/div>\n\t\t\t\t\t\t<span class=\"rtcl-checkmark\"><\/span>\n\t\t\t\t\t<\/div>\n\t\t\t\t<\/div>\n\n\t\t\t\t\n\t\t<div class=\"form-group rtcl-privacy-policy-wrap\">\n\t\t\t<div class=\"form-check\">\n\t\t\t\t<input id=\"rtcl-privacy-policy\" name=\"rtcl_privacy_policy\" type=\"checkbox\" class=\"form-check-input\"\n\t\t\t\t\t   required>\n\t\t\t\t<label class=\"rtcl-form-check-label\" for=\"rtcl-privacy-policy\">\n\t\t\t\t\t<p>Vos donn\u00e9es personnelles seront utilis\u00e9es pour am\u00e9liorer votre exp\u00e9rience sur ce site web, g\u00e9rer l&#039;acc\u00e8s \u00e0 votre compte et \u00e0 d&#039;autres fins d\u00e9crites dans notre <a href=\"https:\/\/parking-motors.store\/?page_id=3\" class=\"rtcl-privacy-policy-link\" target=\"_blank\">politique de confidentialit\u00e9<\/a>.<\/p>\n\t\t\t\t<\/label>\n\t\t\t\t<div class=\"with-errors help-block\"\n\t\t\t\t\t data-error=\"Ce champ est obligatoire\"><\/div>\n\t\t\t<\/div>\n\t\t<\/div>\n\t\t\n\t\t\t\t<div class=\"rtcl-form-group rtcl-form-group-no-margin-bottom\">\n\t\t\t\t\t<div id=\"rtcl-registration-g-recaptcha\"><\/div>\n\t\t\t\t\t<div id=\"rtcl-registration-g-recaptcha-message\"><\/div>\n\t\t\t\t\t<input type=\"submit\" name=\"rtcl-register\" class=\"rtcl-btn\"\n\t\t\t\t\t\t   value=\"Registre\"\/>\n\t\t\t\t<\/div>\n\t\t\t\t<input type=\"hidden\" id=\"rtcl-register-nonce\" name=\"rtcl-register-nonce\" value=\"f1970d0393\" \/><input type=\"hidden\" name=\"_wp_http_referer\" value=\"\/index.php?rest_route=%2Fwp%2Fv2%2Fpages%2F399\" \/><input type=\"hidden\" name=\"redirect_to\" value=\"https:\/\/parking-motors.store\/index.php?rest_route=%2Fwp%2Fv2%2Fpages%2F399\" \/>\t\t\t<\/form>\n\t\t<\/div>\n\t<\/div>\n<\/div>\n","protected":false},"excerpt":{"rendered":"","protected":false},"author":1,"featured_media":0,"parent":0,"menu_order":0,"comment_status":"closed","ping_status":"closed","template":"","meta":{"site-sidebar-layout":"default","site-content-layout":"","ast-site-content-layout":"default","site-content-style":"default","site-sidebar-style":"default","ast-global-header-display":"","ast-banner-title-visibility":"","ast-main-header-display":"","ast-hfb-above-header-display":"","ast-hfb-below-header-display":"","ast-hfb-mobile-header-display":"","site-post-title":"","ast-breadcrumbs-content":"","ast-featured-img":"","footer-sml-layout":"","ast-disable-related-posts":"","theme-transparent-header-meta":"","adv-header-id-meta":"","stick-header-meta":"","header-above-stick-meta":"","header-main-stick-meta":"","header-below-stick-meta":"","astra-migrate-meta-layouts":"default","ast-page-background-enabled":"default","ast-page-background-meta":{"desktop":{"background-color":"var(--ast-global-color-5)","background-image":"","background-repeat":"repeat","background-position":"center center","background-size":"auto","background-attachment":"scroll","background-type":"","background-media":"","overlay-type":"","overlay-color":"","overlay-opacity":"","overlay-gradient":""},"tablet":{"background-color":"","background-image":"","background-repeat":"repeat","background-position":"center center","background-size":"auto","background-attachment":"scroll","background-type":"","background-media":"","overlay-type":"","overlay-color":"","overlay-opacity":"","overlay-gradient":""},"mobile":{"background-color":"","background-image":"","background-repeat":"repeat","background-position":"center center","background-size":"auto","background-attachment":"scroll","background-type":"","background-media":"","overlay-type":"","overlay-color":"","overlay-opacity":"","overlay-gradient":""}},"ast-content-background-meta":{"desktop":{"background-color":"var(--ast-global-color-4)","background-image":"","background-repeat":"repeat","background-position":"center center","background-size":"auto","background-attachment":"scroll","background-type":"","background-media":"","overlay-type":"","overlay-color":"","overlay-opacity":"","overlay-gradient":""},"tablet":{"background-color":"var(--ast-global-color-4)","background-image":"","background-repeat":"repeat","background-position":"center center","background-size":"auto","background-attachment":"scroll","background-type":"","background-media":"","overlay-type":"","overlay-color":"","overlay-opacity":"","overlay-gradient":""},"mobile":{"background-color":"var(--ast-global-color-4)","background-image":"","background-repeat":"repeat","background-position":"center center","background-size":"auto","background-attachment":"scroll","background-type":"","background-media":"","overlay-type":"","overlay-color":"","overlay-opacity":"","overlay-gradient":""}},"_rtcl_gb_attr":"","footnotes":""},"class_list":["post-399","page","type-page","status-publish","hentry"],"_links":{"self":[{"href":"https:\/\/parking-motors.store\/index.php?rest_route=\/wp\/v2\/pages\/399","targetHints":{"allow":["GET"]}}],"collection":[{"href":"https:\/\/parking-motors.store\/index.php?rest_route=\/wp\/v2\/pages"}],"about":[{"href":"https:\/\/parking-motors.store\/index.php?rest_route=\/wp\/v2\/types\/page"}],"author":[{"embeddable":true,"href":"https:\/\/parking-motors.store\/index.php?rest_route=\/wp\/v2\/users\/1"}],"replies":[{"embeddable":true,"href":"https:\/\/parking-motors.store\/index.php?rest_route=%2Fwp%2Fv2%2Fcomments&post=399"}],"version-history":[{"count":0,"href":"https:\/\/parking-motors.store\/index.php?rest_route=\/wp\/v2\/pages\/399\/revisions"}],"wp:attachment":[{"href":"https:\/\/parking-motors.store\/index.php?rest_route=%2Fwp%2Fv2%2Fmedia&parent=399"}],"curies":[{"name":"wp","href":"https:\/\/api.w.org\/{rel}","templated":true}]}}