{"id":217,"date":"2026-01-06T13:38:38","date_gmt":"2026-01-06T13:38:38","guid":{"rendered":"https:\/\/parking-motors.store\/?page_id=217"},"modified":"2026-04-17T13:18:28","modified_gmt":"2026-04-17T13:18:28","slug":"a-propos","status":"publish","type":"page","link":"https:\/\/parking-motors.store\/?page_id=217","title":{"rendered":"A propos"},"content":{"rendered":"\t\t<div data-elementor-type=\"wp-page\" data-elementor-id=\"217\" class=\"elementor elementor-217\" data-elementor-settings=\"{&quot;ha_cmc_init_switcher&quot;:&quot;no&quot;}\" data-elementor-post-type=\"page\">\n\t\t\t\t<div class=\"elementor-element elementor-element-60dc292 e-flex e-con-boxed e-con e-parent\" data-id=\"60dc292\" data-element_type=\"container\" data-e-type=\"container\" data-settings=\"{&quot;background_background&quot;:&quot;classic&quot;,&quot;_ha_eqh_enable&quot;:false}\">\n\t\t\t\t\t<div class=\"e-con-inner\">\n\t\t\t\t<div class=\"elementor-element elementor-element-ebf36fa elementor-widget elementor-widget-heading\" data-id=\"ebf36fa\" data-element_type=\"widget\" data-e-type=\"widget\" data-widget_type=\"heading.default\">\n\t\t\t\t\t<h2 class=\"elementor-heading-title elementor-size-default\">Qui sommes nous<\/h2>\t\t\t\t<\/div>\n\t\t\t\t\t<\/div>\n\t\t\t\t<\/div>\n\t\t<div class=\"elementor-element elementor-element-bfcb613 e-flex e-con-boxed e-con e-parent\" data-id=\"bfcb613\" data-element_type=\"container\" data-e-type=\"container\" data-settings=\"{&quot;_ha_eqh_enable&quot;:false}\">\n\t\t\t\t\t<div class=\"e-con-inner\">\n\t\t<div class=\"elementor-element elementor-element-cc1c00a e-con-full e-flex e-con e-child\" data-id=\"cc1c00a\" data-element_type=\"container\" data-e-type=\"container\" data-settings=\"{&quot;_ha_eqh_enable&quot;:false}\">\n\t\t\t\t<div class=\"elementor-element elementor-element-2917f82 elementor-widget__width-initial elementor-widget elementor-widget-heading\" data-id=\"2917f82\" data-element_type=\"widget\" data-e-type=\"widget\" data-widget_type=\"heading.default\">\n\t\t\t\t\t<h2 class=\"elementor-heading-title elementor-size-default\">Parking Motors Store<\/h2>\t\t\t\t<\/div>\n\t\t\t\t<\/div>\n\t\t<div class=\"elementor-element elementor-element-fd90be8 e-con-full e-flex e-con e-child\" data-id=\"fd90be8\" data-element_type=\"container\" data-e-type=\"container\" data-settings=\"{&quot;_ha_eqh_enable&quot;:false}\">\n\t\t\t\t<div class=\"elementor-element elementor-element-0f1d126 elementor-widget elementor-widget-text-editor\" data-id=\"0f1d126\" data-element_type=\"widget\" data-e-type=\"widget\" data-widget_type=\"text-editor.default\">\n\t\t\t\t\t\t\t\t\t<p>une plateforme de mise en relation entre acheteurs et vendeurs de v\u00e9hicules (voitures, motos, utilitaires), ainsi que de services li\u00e9s \u00e0 l\u2019automobile (garages, lavage, pi\u00e8ces d\u00e9tach\u00e9es, etc.), au S\u00e9n\u00e9gal et en Afrique de l\u2019Ouest.<\/p>\t\t\t\t\t\t\t\t<\/div>\n\t\t\t\t<\/div>\n\t\t\t\t\t<\/div>\n\t\t\t\t<\/div>\n\t\t<div class=\"elementor-element elementor-element-69225f2 e-flex e-con-boxed e-con e-parent\" data-id=\"69225f2\" data-element_type=\"container\" data-e-type=\"container\" data-settings=\"{&quot;_ha_eqh_enable&quot;:false}\">\n\t\t\t\t\t<div class=\"e-con-inner\">\n\t\t<div class=\"elementor-element elementor-element-67fc0dc e-con-full e-flex e-con e-child\" data-id=\"67fc0dc\" data-element_type=\"container\" data-e-type=\"container\" data-settings=\"{&quot;_ha_eqh_enable&quot;:false}\">\n\t\t\t\t<div class=\"elementor-element elementor-element-5161a30 elementor-widget__width-initial elementor-widget elementor-widget-text-editor\" data-id=\"5161a30\" data-element_type=\"widget\" data-e-type=\"widget\" data-widget_type=\"text-editor.default\">\n\t\t\t\t\t\t\t\t\t<p>Notre objectif est de faciliter les transactions en toute transparence, gr\u00e2ce \u00e0 un r\u00e9seau de partenaires de confiance comprenant des parkings automobiles, concessionnaires, vendeurs ind\u00e9pendants et prestataires de services sp\u00e9cialis\u00e9s.<\/p><p>\u00a0<\/p>\t\t\t\t\t\t\t\t<\/div>\n\t\t\t\t<\/div>\n\t\t<div class=\"elementor-element elementor-element-93956d4 e-con-full e-flex e-con e-child\" data-id=\"93956d4\" data-element_type=\"container\" data-e-type=\"container\" data-settings=\"{&quot;_ha_eqh_enable&quot;:false}\">\n\t\t\t\t<div class=\"elementor-element elementor-element-8197347 elementor-widget elementor-widget-image\" data-id=\"8197347\" data-element_type=\"widget\" data-e-type=\"widget\" data-widget_type=\"image.default\">\n\t\t\t\t\t\t\t\t\t\t\t\t\t\t\t<img fetchpriority=\"high\" decoding=\"async\" width=\"1024\" height=\"576\" src=\"https:\/\/parking-motors.store\/wp-content\/uploads\/2026\/01\/DSC09528-1024x576.jpg\" class=\"attachment-large size-large wp-image-307\" alt=\"\" srcset=\"https:\/\/parking-motors.store\/wp-content\/uploads\/2026\/01\/DSC09528-1024x576.jpg 1024w, https:\/\/parking-motors.store\/wp-content\/uploads\/2026\/01\/DSC09528-300x169.jpg 300w, https:\/\/parking-motors.store\/wp-content\/uploads\/2026\/01\/DSC09528-768x432.jpg 768w, https:\/\/parking-motors.store\/wp-content\/uploads\/2026\/01\/DSC09528-1536x864.jpg 1536w, https:\/\/parking-motors.store\/wp-content\/uploads\/2026\/01\/DSC09528-2048x1152.jpg 2048w, https:\/\/parking-motors.store\/wp-content\/uploads\/2026\/01\/DSC09528-364x205.jpg 364w, https:\/\/parking-motors.store\/wp-content\/uploads\/2026\/01\/DSC09528-600x337.jpg 600w\" sizes=\"(max-width: 1024px) 100vw, 1024px\" title=\"\" \/>\t\t\t\t\t\t\t\t\t\t\t\t\t\t\t<\/div>\n\t\t\t\t<\/div>\n\t\t\t\t\t<\/div>\n\t\t\t\t<\/div>\n\t\t<div class=\"elementor-element elementor-element-1c49c35 e-flex e-con-boxed e-con e-parent\" data-id=\"1c49c35\" data-element_type=\"container\" data-e-type=\"container\" data-settings=\"{&quot;background_background&quot;:&quot;classic&quot;,&quot;_ha_eqh_enable&quot;:false}\">\n\t\t\t\t\t<div class=\"e-con-inner\">\n\t\t<div class=\"elementor-element elementor-element-01f4bac e-con-full e-flex e-con e-child\" data-id=\"01f4bac\" data-element_type=\"container\" data-e-type=\"container\" data-settings=\"{&quot;_ha_eqh_enable&quot;:false}\">\n\t\t\t\t<div class=\"elementor-element elementor-element-ad54c7a elementor-widget elementor-widget-heading\" data-id=\"ad54c7a\" data-element_type=\"widget\" data-e-type=\"widget\" data-widget_type=\"heading.default\">\n\t\t\t\t\t<h2 class=\"elementor-heading-title elementor-size-default\">La communaut\u00e9 WhatsApp<\/h2>\t\t\t\t<\/div>\n\t\t\t\t<div class=\"elementor-element elementor-element-984ba48 elementor-widget elementor-widget-text-editor\" data-id=\"984ba48\" data-element_type=\"widget\" data-e-type=\"widget\" data-widget_type=\"text-editor.default\">\n\t\t\t\t\t\t\t\t\t<p>Entrez dans le cercle priv\u00e9 de Parking Motors store. En rejoignant notre communaut\u00e9 WhatsApp, vous acc\u00e9dez \u00e0 des offres exclusives avant leur publication sur le site et profitez d&rsquo;un espace d&rsquo;\u00e9change privil\u00e9gi\u00e9 entre acheteurs et vendeurs de confiance.<\/p>\t\t\t\t\t\t\t\t<\/div>\n\t\t\t\t<div class=\"elementor-element elementor-element-3e0b7aa elementor-widget__width-inherit elementor-widget elementor-widget-ha-creative-button happy-addon ha-creative-button\" data-id=\"3e0b7aa\" data-element_type=\"widget\" data-e-type=\"widget\" data-widget_type=\"ha-creative-button.default\">\n\t\t\t\t\t\t\t<div data-magnetic=\"no\" class=\"ha-creative-btn-wrap\">\n\t\t\t<a class=\"ha-creative-btn ha-stl--iconica ha-eft--slide-in-down\" href=\"http:\/\/chat.whatsapp.com\/DBRxrGWuSZfEZDZtvZT615\" target=\"_blank\"><span>Rejoindre la Communaut\u00e9<\/span><i aria-hidden=\"true\" class=\"fab fa-whatsapp\"><\/i><\/a>\n\t\t<\/div>\t\t\t\t<\/div>\n\t\t\t\t<\/div>\n\t\t<div class=\"elementor-element elementor-element-b557e09 e-con-full e-flex e-con e-child\" data-id=\"b557e09\" data-element_type=\"container\" data-e-type=\"container\" data-settings=\"{&quot;_ha_eqh_enable&quot;:false}\">\n\t\t\t\t<div class=\"elementor-element elementor-element-9488c60 elementor-widget elementor-widget-image\" data-id=\"9488c60\" data-element_type=\"widget\" data-e-type=\"widget\" data-widget_type=\"image.default\">\n\t\t\t\t\t\t\t\t\t\t\t\t\t\t\t<img decoding=\"async\" width=\"1024\" height=\"1020\" src=\"https:\/\/parking-motors.store\/wp-content\/uploads\/2026\/03\/mockup-1024x1020.png\" class=\"attachment-large size-large wp-image-1008\" alt=\"\" srcset=\"https:\/\/parking-motors.store\/wp-content\/uploads\/2026\/03\/mockup-1024x1020.png 1024w, https:\/\/parking-motors.store\/wp-content\/uploads\/2026\/03\/mockup-300x300.png 300w, https:\/\/parking-motors.store\/wp-content\/uploads\/2026\/03\/mockup-150x150.png 150w, https:\/\/parking-motors.store\/wp-content\/uploads\/2026\/03\/mockup-768x765.png 768w, https:\/\/parking-motors.store\/wp-content\/uploads\/2026\/03\/mockup-1536x1531.png 1536w, https:\/\/parking-motors.store\/wp-content\/uploads\/2026\/03\/mockup-2048x2041.png 2048w, https:\/\/parking-motors.store\/wp-content\/uploads\/2026\/03\/mockup-600x598.png 600w, https:\/\/parking-motors.store\/wp-content\/uploads\/2026\/03\/mockup-100x100.png 100w\" sizes=\"(max-width: 1024px) 100vw, 1024px\" title=\"\" \/>\t\t\t\t\t\t\t\t\t\t\t\t\t\t\t<\/div>\n\t\t\t\t<\/div>\n\t\t\t\t\t<\/div>\n\t\t\t\t<\/div>\n\t\t\t\t<\/div>\n\t\t","protected":false},"excerpt":{"rendered":"<p>Qui sommes nous Parking Motors Store une plateforme de mise en relation entre acheteurs et vendeurs de v\u00e9hicules (voitures, motos,<\/p>\n","protected":false},"author":1,"featured_media":0,"parent":0,"menu_order":0,"comment_status":"closed","ping_status":"closed","template":"","meta":{"site-sidebar-layout":"no-sidebar","site-content-layout":"","ast-site-content-layout":"full-width-container","site-content-style":"default","site-sidebar-style":"default","ast-global-header-display":"","ast-banner-title-visibility":"","ast-main-header-display":"","ast-hfb-above-header-display":"","ast-hfb-below-header-display":"","ast-hfb-mobile-header-display":"","site-post-title":"disabled","ast-breadcrumbs-content":"","ast-featured-img":"disabled","footer-sml-layout":"","ast-disable-related-posts":"","theme-transparent-header-meta":"","adv-header-id-meta":"","stick-header-meta":"","header-above-stick-meta":"","header-main-stick-meta":"","header-below-stick-meta":"","astra-migrate-meta-layouts":"default","ast-page-background-enabled":"default","ast-page-background-meta":{"desktop":{"background-color":"var(--ast-global-color-5)","background-image":"","background-repeat":"repeat","background-position":"center center","background-size":"auto","background-attachment":"scroll","background-type":"","background-media":"","overlay-type":"","overlay-color":"","overlay-opacity":"","overlay-gradient":""},"tablet":{"background-color":"","background-image":"","background-repeat":"repeat","background-position":"center center","background-size":"auto","background-attachment":"scroll","background-type":"","background-media":"","overlay-type":"","overlay-color":"","overlay-opacity":"","overlay-gradient":""},"mobile":{"background-color":"","background-image":"","background-repeat":"repeat","background-position":"center center","background-size":"auto","background-attachment":"scroll","background-type":"","background-media":"","overlay-type":"","overlay-color":"","overlay-opacity":"","overlay-gradient":""}},"ast-content-background-meta":{"desktop":{"background-color":"var(--ast-global-color-4)","background-image":"","background-repeat":"repeat","background-position":"center center","background-size":"auto","background-attachment":"scroll","background-type":"","background-media":"","overlay-type":"","overlay-color":"","overlay-opacity":"","overlay-gradient":""},"tablet":{"background-color":"var(--ast-global-color-4)","background-image":"","background-repeat":"repeat","background-position":"center center","background-size":"auto","background-attachment":"scroll","background-type":"","background-media":"","overlay-type":"","overlay-color":"","overlay-opacity":"","overlay-gradient":""},"mobile":{"background-color":"var(--ast-global-color-4)","background-image":"","background-repeat":"repeat","background-position":"center center","background-size":"auto","background-attachment":"scroll","background-type":"","background-media":"","overlay-type":"","overlay-color":"","overlay-opacity":"","overlay-gradient":""}},"_rtcl_gb_attr":"","footnotes":""},"class_list":["post-217","page","type-page","status-publish","hentry"],"_links":{"self":[{"href":"https:\/\/parking-motors.store\/index.php?rest_route=\/wp\/v2\/pages\/217","targetHints":{"allow":["GET"]}}],"collection":[{"href":"https:\/\/parking-motors.store\/index.php?rest_route=\/wp\/v2\/pages"}],"about":[{"href":"https:\/\/parking-motors.store\/index.php?rest_route=\/wp\/v2\/types\/page"}],"author":[{"embeddable":true,"href":"https:\/\/parking-motors.store\/index.php?rest_route=\/wp\/v2\/users\/1"}],"replies":[{"embeddable":true,"href":"https:\/\/parking-motors.store\/index.php?rest_route=%2Fwp%2Fv2%2Fcomments&post=217"}],"version-history":[{"count":12,"href":"https:\/\/parking-motors.store\/index.php?rest_route=\/wp\/v2\/pages\/217\/revisions"}],"predecessor-version":[{"id":1304,"href":"https:\/\/parking-motors.store\/index.php?rest_route=\/wp\/v2\/pages\/217\/revisions\/1304"}],"wp:attachment":[{"href":"https:\/\/parking-motors.store\/index.php?rest_route=%2Fwp%2Fv2%2Fmedia&parent=217"}],"curies":[{"name":"wp","href":"https:\/\/api.w.org\/{rel}","templated":true}]}}